{"id":3050,"date":"2025-03-14T10:11:02","date_gmt":"2025-03-14T10:11:02","guid":{"rendered":"https:\/\/ljubljanactivetrips.com\/?page_id=3050"},"modified":"2025-03-14T10:15:07","modified_gmt":"2025-03-14T10:15:07","slug":"terms-and-conditions","status":"publish","type":"page","link":"https:\/\/ljubljanactivetrips.com\/sl\/dolocila-in-pogoji\/","title":{"rendered":"Pogoji poslovanja"},"content":{"rendered":"<p><strong>Z rezervacijo aktivnosti se strinjate, da vas zavezujejo na\u0161i Splo\u0161ni pogoji.<\/strong><\/p>\n\n\n\n<p>\u00bbLjubljana active trips\u00ab ali na kratko \u00bbLAT\u00ab se v nadaljevanju nana\u0161a na Turizem in \u0161port, Tadej Tekav\u010di\u010d SP Beseda \u00bbstranka\/e\u00ab se nana\u0161a na osebo ali osebe, ki sodelujejo v izletih ali aktivnostih, ki jih izvaja ali prodaja Ljubljana active trips vklju\u010dno z mladoletnimi osebami. Vse stranke, ki \u017eelijo opraviti rezervacijo, morajo natan\u010dno prebrati in razumeti Pogoje in Izjavo o seznanjenosti, odgovornosti in skupni odgovornosti. Z rezervacijo se stranka strinja, da jo zavezujejo ti pogoji in dolo\u010dila ter izjava o seznanjenosti, odgovornosti in skupni odgovornosti. LAT si pridr\u017euje pravico do zavrnitve kakr\u0161ne koli rezervacije.<\/p>\n\n\n\n<h4 class=\"wp-block-heading\">POLITIKA ODPOVEDI<\/h4>\n\n\n\n<p><strong>Odpoved dejavnosti s strani naro\u010dnika<\/strong><\/p>\n\n\n\n<p>Vra\u010dila kupnine in odpovedi s strani strank so omejene v skladu s to politiko odpovedi.<br><br>Vse aktivnosti, ki jih izvaja in organizira neposredno LAT, lahko stranka odpove z naslednjimi vra\u010dili: vra\u010dilo 100% za odpovedi ve\u010d kot 24 ur pred aktivnostjo in vra\u010dilo 0% za odpovedi manj kot 24 ur pred aktivnostjo ali v primeru neprihoda.<br><br>Za vse druge aktivnosti, ki jih LAT samo izvaja in jih ne izvaja, kot so rafting, veslanje stoje, kajak ali katera koli druga dejavnost, ki jo prodaja ali ogla\u0161uje LAT, se od stranke zahteva le depozit za potrditev rezervacije. V primeru, da stranka odpove katero koli od teh aktivnosti vsaj 24 ur pred aktivnostjo, se ji ponudi vra\u010dilo 100%. \u010ce stranka aktivnost odpove pozneje kot 24 ur pred aktivnostjo, se vra\u010dilo denarja ne ponudi. \u010cas, ki se upo\u0161teva za dolo\u010ditev povra\u010dila %, je za\u010detni \u010das aktivnosti.<br><br>Ko je rezervacija opravljena, nastanejo stro\u0161ki in obveznosti v imenu strank. Vse aktivnosti, ki jih ponujamo, imajo omejeno \u0161tevilo udele\u017eencev. Ob rezervaciji aktivnosti se mesto za stranko rezervira in tako zasede za druge stranke. Stro\u0161ki odpovedi se uporabljajo za kritje morebitnih stro\u0161kov, ki lahko nastanejo zaradi odpovedi strank.<br><strong>Odpoved aktivnosti Ljubljana active trips<\/strong><\/p>\n\n\n\n<p>LAT si pridr\u017euje pravico do odpovedi aktivnosti zaradi neprimernih vremenskih razmer, nezadostnih rezervacij ali dogodkov, na katere nimamo vpliva. \u010ce va\u0161o turnejo odpove LAT, vam bomo povrnili celoten znesek.<\/p>\n\n\n\n<h4 class=\"wp-block-heading\">ODGOVORNOST IN SOLIDARNA ODGOVORNOST<\/h4>\n\n\n\n<p>LAT organizira storitve in ima pogodbe z drugimi podjetji in organizacijami, da omogo\u010di dejavnosti. Stranke zavestno in prostovoljno privolijo v aktivnost s pove\u010dano stopnjo nevarnosti, zato je treba v primeru nesre\u010de upo\u0161tevati, da stranke to tveganje zavestno sprejemajo. Ker LAT ne more zagotoviti absolutne varnosti med izvajanjem dejavnosti, v primeru nezgode ali nezgode med aktivnostjo naro\u010dniki prevzemajo solidarno odgovornost.<\/p>\n\n\n\n<h4 class=\"wp-block-heading\">ZAVAROVANJE<\/h4>\n\n\n\n<p>Potovalno zavarovanje ni vklju\u010deno v ceno nobene ture, dejavnosti ali izdelka LAT. Stranka potrjuje, da je vsa zavarovanja, ki jih stranka \u017eeli pridobiti v zvezi s katero koli turnejo, dejavnostjo ali izdelkom LAT, izklju\u010dna odgovornost stranke.<br><br>Kljub temu LAT zelo priporo\u010da, da stranka kupi lastno potovalno zavarovanje, ki krije vsa potovanja stranke. LAT mo\u010dno priporo\u010da, da stranke sklenejo celovito zavarovanje, ki vklju\u010duje: osebno nezgodo, zdravstvene stro\u0161ke, osebno prtljago, denar in javno odgovornost.<\/p>\n\n\n\n<h4 class=\"wp-block-heading\">GARANCIJA POTOVANJA<\/h4>\n\n\n\n<p>Na\u0161e podjetje je zavarovano za primer insolventnosti. To zagotavlja znesek, ki ga je stranka pla\u010dala pri rezervaciji potovalnega paketa za stranko, kot tudi vrnitev stranke v domovino v primeru insolventnosti LAT. Stranka se strinja, da je to edini znesek, ki ga mora LAT pla\u010dati stranki v zvezi z izletom, dejavnostjo ali paketom, ki ga stranka rezervira.<br><br>Va\u0161a odgovornost je zagotoviti, da imate veljaven potni list in vse potrebne vizume, dovoljenja ali potrdila za izbrano potovanje. LAT ne odgovarja za morebitne te\u017eave, zamude ali zavrnitev vstopa v primeru, \u010de nimate veljavnih potnih dokumentov.<br><br>\u010ce niste prepri\u010dani, ali za vstop v Republiko Slovenijo potrebujete vizum, preverite na Ministrstvu za zunanje zadeve. Dr\u017eavljani tretjih dr\u017eav morajo za vstop v Republiko Slovenijo imeti vizum.<br><br>Strinjate se, da boste upo\u0161tevali pooblastila in navodila vodnikov LAT ali pisarni\u0161ke podpore LAT ter zakone in predpise obiskanih dr\u017eav, vklju\u010dno s carinskimi in deviznimi omejitvami.<br><br>Stranka je odgovorna, da zagotovi prevoz, ki ga zagotavlja LAT, ob pravem \u010dasu in na pravem mestu odhoda. V primeru, da zamudite na\u010drtovani odhod, so morebitni dodatni potni stro\u0161ki izklju\u010dna odgovornost naro\u010dnika in jih pla\u010da naro\u010dnik. Potniki, ki zaradi zamude ali odpovedi prihajajo\u010dega prevoza zamudijo \u010das odhoda, niso upravi\u010deni do povra\u010dila. Zaradi narave ponujenih storitev LAT ne bo odgovoren za kakr\u0161no koli \u0161kodo ali stro\u0161ke, ki bi lahko nastali, \u010de katera koli storitev odpelje, se za\u010dne, prispe ali kon\u010da pozneje od dolo\u010denega \u010dasa, tudi \u010de zaradi tega stranka zamudi povezovalno storitev ali kak\u0161en drug na\u010drtovan dogodek.<\/p>\n\n\n\n<h4 class=\"wp-block-heading\">VREMENSKE, OKOLJSKE IN POLITI\u010cNE RAZMERE<\/h4>\n\n\n\n<p>LAT ne odgovarja za morebitne zamude, odstopanja ali odpovedi zaradi vremenskih razmer. Stranka ne sme kadar koli odpovedati ali spremeniti potovanja zaradi vremenskih razmer.<br><br>LAT ni odgovoren za zamude zaradi delovnih sporov, mejnih te\u017eav ali drugih politi\u010dnih dejavnikov.<br><br>LAT ni odgovoren za zamude zaradi mehanske okvare ali drugih te\u017eav, ki se lahko pojavijo in so izven nadzora LAT.<\/p>\n\n\n\n<h4 class=\"wp-block-heading\">REKLAMACIJSKI ROK<\/h4>\n\n\n\n<p>LAT morate v najkraj\u0161em mo\u017enem \u010dasu obvestiti o kakr\u0161nih koli nepravilnostih, do katerih bi lahko pri\u0161lo med turo ali aktivnostjo. Odgovornost LAT-ov je, da tovrstne nepravilnosti odpravijo v najkraj\u0161em mo\u017enem \u010dasu.<br><br>V primeru, da morebitne nepravilnosti niso bile odpravljene na kraju samem, se lahko stranka prito\u017ei in zahteva vra\u010dilo denarja ali od\u0161kodnino po zaklju\u010dku izleta ali aktivnosti. Pisno prito\u017ebo morate vlo\u017eiti najkasneje v dveh (2) mesecih po zaklju\u010dku ture ali aktivnosti.<\/p>\n\n\n\n<h4 class=\"wp-block-heading\">KON\u010cNI PROSTORI<\/h4>\n\n\n\n<p>Udele\u017eba na vseh na\u0161ih izletih, dejavnostih in\/ali storitvah je izklju\u010dno prostovoljna. Kot pri vseh \u010dlove\u0161kih prizadevanjih obstaja dolo\u010dena stopnja tveganja. Trudimo se, da je tveganje \u010dim manj\u0161e. LAT njegovi izvajalci, mati\u010dna in h\u010derinska podjetja ter zaposleni ne prevzemajo nobene odgovornosti za kakr\u0161no koli po\u0161kodbo, izgubo, \u0161kodo ali neprijetnosti, ki jih utrpi katera koli oseba, ki uporablja njegove storitve. Ne prevzemamo nobene odgovornosti za telesne, osebne ali lastninske po\u0161kodbe, ki nastanejo med ogledom ali dejavnostjo. Pridr\u017eujemo si pravico, da komurkoli zavrnemo udele\u017ebo iz kakr\u0161nega koli razloga in kadarkoli. Hvala za razumevanje.<br><br>Stranke morajo vedeti, da so odlo\u010ditve LAT vodnikov, in\u0161truktorjev, voznikov in predstavnikov dokon\u010dne v vseh zadevah. Ne toleriramo prepovedanih drog in alkohola. LAT si pridr\u017euje pravico, da vsakogar, ki se ukvarja s temi dejavnostmi, takoj izklju\u010di iz skupine. LAT ne povrne nobene finan\u010dne izgube v imenu stranke. LAT ne odgovarja za izgubljeno ali ukradeno prtljago.<\/p>\n\n\n\n<h4 class=\"wp-block-heading\">ZASEBNOST<\/h4>\n\n\n\n<p>LAT lahko posreduje osebne podatke svojim tretjim izvajalcem za izvajanje dejavnosti in storitev. LAT ne bo razkril osebnih podatkov strank tretji osebi brez va\u0161e izrecne odobritve. Neodvisne izvajalce LAT zavezuje isti pravilnik o zasebnosti in ne bodo razkrili osebnih podatkov strank tretji osebi brez va\u0161e izrecne odobritve.<br><br>LAT spo\u0161tuje zasebnost obiskovalcev svoje spletne strani in zagotavlja, da bodo osebni podatki, ki nam jih posredujete, obravnavani zaupno. Obdelava osebnih podatkov poteka v skladu z zahtevami, ki jih dolo\u010da Zakon o varstvu osebnih podatkov Republike Slovenije.<\/p>\n\n\n\n<h4 class=\"wp-block-heading\">VELJAVNO PRAVO IN PRISTOJNOST<\/h4>\n\n\n\n<p>Za Splo\u0161ne pogoje se uporablja zakonodaja in izklju\u010dno pristojnost sodi\u0161\u010d v Republiki Sloveniji ter se zanje uporablja slovensko pravo.<\/p>\n\n\n\n<h4 class=\"wp-block-heading\">PODROBNOSTI O PODJETJU<\/h4>\n\n\n\n<p>Turizem in \u0161port, Tadej Tekav\u010di\u010d SP<br>Dolenjska cesta 156b<br>1000 Ljubljana<br>Slovenija, Evropa<\/p>\n\n\n\n<h4 class=\"wp-block-heading\">KONTAKT<\/h4>\n\n\n\n<p>LAT je dosegljiv preko elektronske po\u0161te na naslovu&nbsp;<a href=\"mailto:info@ljubljanactivetrips.com\">info@ljubljanactivetrips.com<\/a>, po telefonu na&nbsp;<a href=\"tel:+38640611449\">+386 40 611 449<\/a>&nbsp;ali na naslovu Turizem in \u0161port, Dolenjska cesta 156b, 1000 Ljubljana.<\/p>","protected":false},"excerpt":{"rendered":"<p>By booking an activity, you agree to be bound by our General Terms and Conditions. \u201cLjubljana active trips\u201d or short \u201cLAT\u201d shall hereinafter refer to Turizem in \u0161port, Tadej Tekav\u010di\u010d S.P. The word \u201cclient\/s\u201d shall refer to the person or persons participating in tours or activities conducted or sold by Ljubljana active trips including minors. [&hellip;]<\/p>","protected":false},"author":1,"featured_media":0,"parent":0,"menu_order":0,"comment_status":"closed","ping_status":"closed","template":"","meta":{"_acf_changed":false,"site-sidebar-layout":"default","site-content-layout":"","ast-site-content-layout":"default","site-content-style":"default","site-sidebar-style":"default","ast-global-header-display":"","ast-banner-title-visibility":"","ast-main-header-display":"","ast-hfb-above-header-display":"","ast-hfb-below-header-display":"","ast-hfb-mobile-header-display":"","site-post-title":"","ast-breadcrumbs-content":"","ast-featured-img":"","footer-sml-layout":"","theme-transparent-header-meta":"","adv-header-id-meta":"","stick-header-meta":"","header-above-stick-meta":"","header-main-stick-meta":"","header-below-stick-meta":"","astra-migrate-meta-layouts":"set","ast-page-background-enabled":"default","ast-page-background-meta":{"desktop":{"background-color":"var(--ast-global-color-4)","background-image":"","background-repeat":"repeat","background-position":"center center","background-size":"auto","background-attachment":"scroll","background-type":"","background-media":"","overlay-type":"","overlay-color":"","overlay-gradient":""},"tablet":{"background-color":"","background-image":"","background-repeat":"repeat","background-position":"center center","background-size":"auto","background-attachment":"scroll","background-type":"","background-media":"","overlay-type":"","overlay-color":"","overlay-gradient":""},"mobile":{"background-color":"","background-image":"","background-repeat":"repeat","background-position":"center center","background-size":"auto","background-attachment":"scroll","background-type":"","background-media":"","overlay-type":"","overlay-color":"","overlay-gradient":""}},"ast-content-background-meta":{"desktop":{"background-color":"var(--ast-global-color-5)","background-image":"","background-repeat":"repeat","background-position":"center center","background-size":"auto","background-attachment":"scroll","background-type":"","background-media":"","overlay-type":"","overlay-color":"","overlay-gradient":""},"tablet":{"background-color":"var(--ast-global-color-5)","background-image":"","background-repeat":"repeat","background-position":"center center","background-size":"auto","background-attachment":"scroll","background-type":"","background-media":"","overlay-type":"","overlay-color":"","overlay-gradient":""},"mobile":{"background-color":"var(--ast-global-color-5)","background-image":"","background-repeat":"repeat","background-position":"center center","background-size":"auto","background-attachment":"scroll","background-type":"","background-media":"","overlay-type":"","overlay-color":"","overlay-gradient":""}},"footnotes":""},"wf_page_folders":[],"class_list":["post-3050","page","type-page","status-publish","hentry"],"acf":[],"yoast_head":"<!-- This site is optimized with the Yoast SEO plugin v24.5 - https:\/\/yoast.com\/wordpress\/plugins\/seo\/ -->\n<title>Terms and Conditions - Ljubljana Active Trips<\/title>\n<meta name=\"robots\" content=\"noindex, follow\" \/>\n<meta property=\"og:locale\" content=\"sl_SI\" \/>\n<meta property=\"og:type\" content=\"article\" \/>\n<meta property=\"og:title\" content=\"Terms and Conditions - Ljubljana Active Trips\" \/>\n<meta property=\"og:description\" content=\"By booking an activity, you agree to be bound by our General Terms and Conditions. \u201cLjubljana active trips\u201d or short \u201cLAT\u201d shall hereinafter refer to Turizem in \u0161port, Tadej Tekav\u010di\u010d S.P. The word \u201cclient\/s\u201d shall refer to the person or persons participating in tours or activities conducted or sold by Ljubljana active trips including minors. [&hellip;]\" \/>\n<meta property=\"og:url\" content=\"https:\/\/ljubljanactivetrips.com\/sl\/dolocila-in-pogoji\/\" \/>\n<meta property=\"og:site_name\" content=\"Ljubljana Active Trips\" \/>\n<meta property=\"article:modified_time\" content=\"2025-03-14T10:15:07+00:00\" \/>\n<meta property=\"og:image\" content=\"https:\/\/ljubljanactivetrips.com\/wp-content\/uploads\/2023\/08\/7f7968989ffcb2b5da07bc42aca6c8aa-scaled.webp\" \/>\n\t<meta property=\"og:image:width\" content=\"2560\" \/>\n\t<meta property=\"og:image:height\" content=\"1708\" \/>\n\t<meta property=\"og:image:type\" content=\"image\/webp\" \/>\n<meta name=\"twitter:card\" content=\"summary_large_image\" \/>\n<meta name=\"twitter:label1\" content=\"Est. reading time\" \/>\n\t<meta name=\"twitter:data1\" content=\"6 minut\" \/>\n<script type=\"application\/ld+json\" class=\"yoast-schema-graph\">{\"@context\":\"https:\/\/schema.org\",\"@graph\":[{\"@type\":\"WebPage\",\"@id\":\"https:\/\/ljubljanactivetrips.com\/terms-and-conditions\/\",\"url\":\"https:\/\/ljubljanactivetrips.com\/terms-and-conditions\/\",\"name\":\"Terms and Conditions - Ljubljana Active Trips\",\"isPartOf\":{\"@id\":\"https:\/\/ljubljanactivetrips.com\/#website\"},\"datePublished\":\"2025-03-14T10:11:02+00:00\",\"dateModified\":\"2025-03-14T10:15:07+00:00\",\"breadcrumb\":{\"@id\":\"https:\/\/ljubljanactivetrips.com\/terms-and-conditions\/#breadcrumb\"},\"inLanguage\":\"sl-SI\",\"potentialAction\":[{\"@type\":\"ReadAction\",\"target\":[\"https:\/\/ljubljanactivetrips.com\/terms-and-conditions\/\"]}]},{\"@type\":\"BreadcrumbList\",\"@id\":\"https:\/\/ljubljanactivetrips.com\/terms-and-conditions\/#breadcrumb\",\"itemListElement\":[{\"@type\":\"ListItem\",\"position\":1,\"name\":\"Home\",\"item\":\"https:\/\/ljubljanactivetrips.com\/\"},{\"@type\":\"ListItem\",\"position\":2,\"name\":\"Terms and Conditions\"}]},{\"@type\":\"WebSite\",\"@id\":\"https:\/\/ljubljanactivetrips.com\/#website\",\"url\":\"https:\/\/ljubljanactivetrips.com\/\",\"name\":\"Ljubljana Active Trips\",\"description\":\"Day trips and tours Slovenia\",\"publisher\":{\"@id\":\"https:\/\/ljubljanactivetrips.com\/#organization\"},\"potentialAction\":[{\"@type\":\"SearchAction\",\"target\":{\"@type\":\"EntryPoint\",\"urlTemplate\":\"https:\/\/ljubljanactivetrips.com\/?s={search_term_string}\"},\"query-input\":{\"@type\":\"PropertyValueSpecification\",\"valueRequired\":true,\"valueName\":\"search_term_string\"}}],\"inLanguage\":\"sl-SI\"},{\"@type\":\"Organization\",\"@id\":\"https:\/\/ljubljanactivetrips.com\/#organization\",\"name\":\"Ljubljana Active Trips\",\"url\":\"https:\/\/ljubljanactivetrips.com\/\",\"logo\":{\"@type\":\"ImageObject\",\"inLanguage\":\"sl-SI\",\"@id\":\"https:\/\/ljubljanactivetrips.com\/#\/schema\/logo\/image\/\",\"url\":\"https:\/\/ljubljanactivetrips.com\/wp-content\/uploads\/2023\/07\/3i5xa2iypsow212efwg863q8aoh0.jpg\",\"contentUrl\":\"https:\/\/ljubljanactivetrips.com\/wp-content\/uploads\/2023\/07\/3i5xa2iypsow212efwg863q8aoh0.jpg\",\"width\":1214,\"height\":810,\"caption\":\"Ljubljana Active Trips\"},\"image\":{\"@id\":\"https:\/\/ljubljanactivetrips.com\/#\/schema\/logo\/image\/\"}}]}<\/script>\n<!-- \/ Yoast SEO plugin. -->","yoast_head_json":{"title":"Terms and Conditions - Ljubljana Active Trips","robots":{"index":"noindex","follow":"follow"},"og_locale":"sl_SI","og_type":"article","og_title":"Terms and Conditions - Ljubljana Active Trips","og_description":"By booking an activity, you agree to be bound by our General Terms and Conditions. \u201cLjubljana active trips\u201d or short \u201cLAT\u201d shall hereinafter refer to Turizem in \u0161port, Tadej Tekav\u010di\u010d S.P. The word \u201cclient\/s\u201d shall refer to the person or persons participating in tours or activities conducted or sold by Ljubljana active trips including minors. [&hellip;]","og_url":"https:\/\/ljubljanactivetrips.com\/sl\/dolocila-in-pogoji\/","og_site_name":"Ljubljana Active Trips","article_modified_time":"2025-03-14T10:15:07+00:00","og_image":[{"width":2560,"height":1708,"url":"https:\/\/ljubljanactivetrips.com\/wp-content\/uploads\/2023\/08\/7f7968989ffcb2b5da07bc42aca6c8aa-scaled.webp","type":"image\/webp"}],"twitter_card":"summary_large_image","twitter_misc":{"Est. reading time":"6 minut"},"schema":{"@context":"https:\/\/schema.org","@graph":[{"@type":"WebPage","@id":"https:\/\/ljubljanactivetrips.com\/terms-and-conditions\/","url":"https:\/\/ljubljanactivetrips.com\/terms-and-conditions\/","name":"Terms and Conditions - Ljubljana Active Trips","isPartOf":{"@id":"https:\/\/ljubljanactivetrips.com\/#website"},"datePublished":"2025-03-14T10:11:02+00:00","dateModified":"2025-03-14T10:15:07+00:00","breadcrumb":{"@id":"https:\/\/ljubljanactivetrips.com\/terms-and-conditions\/#breadcrumb"},"inLanguage":"sl-SI","potentialAction":[{"@type":"ReadAction","target":["https:\/\/ljubljanactivetrips.com\/terms-and-conditions\/"]}]},{"@type":"BreadcrumbList","@id":"https:\/\/ljubljanactivetrips.com\/terms-and-conditions\/#breadcrumb","itemListElement":[{"@type":"ListItem","position":1,"name":"Home","item":"https:\/\/ljubljanactivetrips.com\/"},{"@type":"ListItem","position":2,"name":"Terms and Conditions"}]},{"@type":"WebSite","@id":"https:\/\/ljubljanactivetrips.com\/#website","url":"https:\/\/ljubljanactivetrips.com\/","name":"Ljubljana Active Trips","description":"Day trips and tours Slovenia","publisher":{"@id":"https:\/\/ljubljanactivetrips.com\/#organization"},"potentialAction":[{"@type":"SearchAction","target":{"@type":"EntryPoint","urlTemplate":"https:\/\/ljubljanactivetrips.com\/?s={search_term_string}"},"query-input":{"@type":"PropertyValueSpecification","valueRequired":true,"valueName":"search_term_string"}}],"inLanguage":"sl-SI"},{"@type":"Organization","@id":"https:\/\/ljubljanactivetrips.com\/#organization","name":"Ljubljana Active Trips","url":"https:\/\/ljubljanactivetrips.com\/","logo":{"@type":"ImageObject","inLanguage":"sl-SI","@id":"https:\/\/ljubljanactivetrips.com\/#\/schema\/logo\/image\/","url":"https:\/\/ljubljanactivetrips.com\/wp-content\/uploads\/2023\/07\/3i5xa2iypsow212efwg863q8aoh0.jpg","contentUrl":"https:\/\/ljubljanactivetrips.com\/wp-content\/uploads\/2023\/07\/3i5xa2iypsow212efwg863q8aoh0.jpg","width":1214,"height":810,"caption":"Ljubljana Active Trips"},"image":{"@id":"https:\/\/ljubljanactivetrips.com\/#\/schema\/logo\/image\/"}}]}},"_links":{"self":[{"href":"https:\/\/ljubljanactivetrips.com\/sl\/wp-json\/wp\/v2\/pages\/3050","targetHints":{"allow":["GET"]}}],"collection":[{"href":"https:\/\/ljubljanactivetrips.com\/sl\/wp-json\/wp\/v2\/pages"}],"about":[{"href":"https:\/\/ljubljanactivetrips.com\/sl\/wp-json\/wp\/v2\/types\/page"}],"author":[{"embeddable":true,"href":"https:\/\/ljubljanactivetrips.com\/sl\/wp-json\/wp\/v2\/users\/1"}],"replies":[{"embeddable":true,"href":"https:\/\/ljubljanactivetrips.com\/sl\/wp-json\/wp\/v2\/comments?post=3050"}],"version-history":[{"count":1,"href":"https:\/\/ljubljanactivetrips.com\/sl\/wp-json\/wp\/v2\/pages\/3050\/revisions"}],"predecessor-version":[{"id":3052,"href":"https:\/\/ljubljanactivetrips.com\/sl\/wp-json\/wp\/v2\/pages\/3050\/revisions\/3052"}],"wp:attachment":[{"href":"https:\/\/ljubljanactivetrips.com\/sl\/wp-json\/wp\/v2\/media?parent=3050"}],"wp:term":[{"taxonomy":"wf_page_folders","embeddable":true,"href":"https:\/\/ljubljanactivetrips.com\/sl\/wp-json\/wp\/v2\/wf_page_folders?post=3050"}],"curies":[{"name":"wp","href":"https:\/\/api.w.org\/{rel}","templated":true}]}}