{"id":3047,"date":"2025-03-14T10:10:01","date_gmt":"2025-03-14T10:10:01","guid":{"rendered":"https:\/\/ljubljanactivetrips.com\/?page_id=3047"},"modified":"2025-03-14T10:15:16","modified_gmt":"2025-03-14T10:15:16","slug":"privacy-policy","status":"publish","type":"page","link":"https:\/\/ljubljanactivetrips.com\/sl\/politika-zasebnosti\/","title":{"rendered":"Politika zasebnosti"},"content":{"rendered":"<h4 class=\"wp-block-heading\">IZJAVA O OBVE\u0160\u010cENOSTI, ODGOVORNOSTI IN SOLIDARNIM ODGOVORNOSTIM<\/h4>\n\n\n\n<p><strong>Odpoved dejavnosti s strani naro\u010dnika<\/strong><\/p>\n\n\n\n<p>Turizem in \u0161port, Tadej Tekav\u010di\u010d SP, Dolenjska cesta 156b, 1000 Ljubljana (v nadaljevanju Ljubljana active trips ali LAT) organizira in vodi naslednje aktivnosti: enodnevne izlete po Sloveniji, gorsko kolesarske ture, ture po mestu. LAT deluje tudi kot agencija za zunanje \u0161porte in zato prodaja druge dejavnosti, ki jih organizirajo in vodijo tretji izvajalci. Naslednje dejavnosti zagotavlja LAT kot posrednik, ki jih organizirajo in vodijo izvajalci tretjih oseb: rafting, kajak, veslanje stoje ali katera koli druga dejavnost, ki jo organizira in prodaja LAT kadar koli v prihodnosti. Vse aktivnosti, tiste, ki jih organizira in vodi LAT ter tiste, ki jih organizirajo in vodijo tretji izvajalci, se v nadaljevanju imenujejo \u00bbaktivnost\/aktivnosti\u00ab.<br><br>\u2013 Podpisani izjavljam, da se zavedam, da je dejavnost, v katero sem zavestno in prostovoljno privolil, aktivnost s pove\u010dano stopnjo nevarnosti, zato je treba v primeru nesre\u010de upo\u0161tevati, da sem to tveganje zavestno sprejel. Ker LAT ne more zagotoviti absolutne varnosti med izvajanjem dejavnosti, v primeru nesre\u010de ali nezgode med aktivnostjo prevzemam solidarno odgovornost.<br><br>\u2013 Za \u010das trajanja aktivnosti se \u0161teje vse, kar se zgodi od trenutka, ko naro\u010dnika sprejme eden od zaposlenih v LAT, do vrnitve naro\u010dnika z ene izmed zgoraj navedenih aktivnosti in zapustitve vozila LAT.<br><br>\u2013 V primeru po\u0161kodbe med aktivnostjo bom posredoval vse potrebne osebne podatke odgovorni osebi v LAT. Vse po\u0161kodbe, ki nastanejo med aktivnostjo, bom prijavil LAT in skupaj z LAT sestavil zapisnik, ki ga bom tudi podpisal. V primeru nesre\u010de sogla\u0161am, da me k zdravniku spremlja predstavnik LAT.<br><br>\u2013 Zavedam se, da je varnost na prvem mestu, zato bom upo\u0161teval navodila vodnikov in ostalega osebja LAT.<br><br>\u2013 Spo\u0161tujem dejstvo, da LAT ne dovoli gostom pod vplivom alkohola ali drugih opojnih substanc, da se udele\u017eijo aktivnosti. Potrjujem, da nisem pod vplivom alkohola ali drugih opojnih substanc.<br><br>\u2013 Seznanjen\/a sem, da LAT odsvetuje udele\u017ebo na aktivnostih nose\u010dnicam in sr\u010dnim bolnikom.<br><br>\u2013 Zavedam se, da se morajo tisti, ki imate epilepsijo, astmo in druge zdravstvene te\u017eave, pred aktivnostjo posvetovati z vodniki.<br><br>\u2013 Zavedam se, da se moram v primeru raznih predhodnih telesnih po\u0161kodb pred aktivnostjo posvetovati z vodniki.<br><br>\u2013 Zavedam se, da LAT ne prevzema odgovornosti za izgubljene ali po\u0161kodovane osebne predmete.<br><br>\u2013 Zavedam se, da LAT fotografira stranke pred, med in po aktivnostih. Dajem soglasje za fotografiranje in uporabo fotografij v promocijske namene LAT. Strinjam se, da so fotografije, posnete pred, med in po dejavnostih, last LAT.<br><br><strong>Strinjam se in potrjujem, da sem obve\u0161\u010den in seznanjen z vsemi svojimi obveznostmi in odgovornostmi ter morebitnimi nevarnostmi in tveganji, ki lahko nastanejo pri vseh aktivnostih.<\/strong><\/p>\n\n\n\n<h4 class=\"wp-block-heading\">KREDITI ZA FOTOGRAFIJE<\/h4>\n\n\n\n<p>Kakr\u0161nakoli uporaba fotografij v komercialne namene ali njihovo spreminjanje ali spreminjanje s strani katere koli fizi\u010dne ali pravne osebe je dovoljeno le s predhodnim soglasjem avtorja fotografije. Vsaka kr\u0161itev avtorskih pravic avtorja fotografij je kazniva in ima lahko za posledico materialno odgovornost uporabnika. Ljubljana active trips ne prevzema nikakr\u0161ne odgovornosti za uporabo fotografij in video posnetkov, ki je v nasprotju s temi pravili.<\/p>\n\n\n\n<h5 class=\"wp-block-heading\">Raziskujte aktivno z nami<\/h5>\n\n\n\n<p>Skupinska fotografija: Ariane Littman<br>Zmaj: Pixabay<\/p>\n\n\n\n<h5 class=\"wp-block-heading\">MTB kapitala<\/h5>\n\n\n\n<p>Naslovnica: Erik Ple\u0161ko<br>Grad: Erik Ple\u0161ko<br>Bikevlak: Marko Poljak<br>Ogled mesta: Ariane Littman<br>Gozd: Tadej Tekav\u010di\u010d<br>Kolesa: Tadej Tekav\u010di\u010d<\/p>\n\n\n\n<h5 class=\"wp-block-heading\">Okrep\u010devalna tura<\/h5>\n\n\n\n<p>Naslovnica: Tadej Tekav\u010di\u010d<br>Mestni kajak: Pixabay<br>Ostale fotografije: Tadej Tekav\u010di\u010d<\/p>\n\n\n\n<h5 class=\"wp-block-heading\">Prilagojena tura<\/h5>\n\n\n\n<p>Naslovna fotografija: Jo\u0161t Gantar, www.slovenia.info<br>Kolesa v mestu: BigStock<br>SUP: Peter \u017dnidar\u0161i\u010d<br>Ple\u010dnikove arkade: www.slovenia.info<br>Odprta kuhna: Jo\u0161t Gantar, www.slovenia.info<br>Ostale fotografije: Tadej Tekav\u010di\u010d<\/p>\n\n\n\n<h5 class=\"wp-block-heading\">Nepozabni pohodi<\/h5>\n\n\n\n<p>Naslovna fotografija: Jo\u0161t Gantar, www.slovenia.info<br>Jezersko: BigStock<br>Logarska dolina: Tomo Jeseni\u010dnik, www.slovenia.info<br>Velika planina: Teddy Verneuil, www.slovenia.info<br>Slap Rinka: Jo\u0161t Gantar, www.slovenia.info<br>Sheppard huts: Marku\u0161eva fotografija<br>Biker in krave: Matej Okorn<\/p>\n\n\n\n<h5 class=\"wp-block-heading\">Nepoznane zgodbe<\/h5>\n\n\n\n<p>Naslovna fotografija: Jo\u0161t Gantar, www.slovenia.info<br>Velenjsko jezero: Matej Vrani\u010d<br>Kamni\u0161ki grad: Jo\u0161t Gantar, www.slovenia.info<br>Hmelj \u017dalec: arhiv ZK\u0160T, \u017dalec Nea Culpa<br>Kamni\u0161ka cerkev: Jo\u0161t Gantar, www.slovenia.info<br>Fontana piva \u017dalec: Jo\u0161t Gantar, www.slovenia.info<br>Velenjska panorama: Sulji\u0107 Sedin<br>SUP joga: MZT Velenje<br>KuntaKinte: Pixabay<\/p>\n\n\n\n<h5 class=\"wp-block-heading\">Slovenska klasika<\/h5>\n\n\n\n<p>Naslovna fotografija: Tomo Jeseni\u010dnik, www.slovenia.info<br>Rafting: Bla\u017e Stan<br>Slap Peri\u010dnik: Tomo Jeseni\u010dnik, www.slovenia.info<br>Jezero jasna skok: Sara Ro\u017ei\u010d<br>Smu\u010darski skoki Planica: Iztok Medja, www.slovenia.info<br>Stolp Lake Jasna: Tomo Jeseni\u010dnik, www.slovenia.info<br>Zelenci: Pixabay<br>Panorama Blejskega jezera: Pixabay<br>Blejsko jezero SUP: Ivana Petrinjak<\/p>\n\n\n\n<h5 class=\"wp-block-heading\">Slovensko podzemlje<\/h5>\n\n\n\n<p>Naslovna fotografija: Tomo Jeseni\u010dnik, www.slovenia.info<br>Cerkni\u0161ko jezero: Marku\u0161eva fotografija<br>\u0160kocjanski jamski most: arhiv P\u0160, Borut Lozej<br>Rakov \u0160kocjan: Jo\u0161t Gantar, www.slovenia.info<br>Most Rakov \u0160kocjan: Jo\u0161t Gantar, www.slovenia.info<br>Veliki naravni most Rakov \u0160kocjan: Jo\u0161t Gantar, www.slovenia.info<\/p>\n\n\n\n<h4 class=\"wp-block-heading\">Politika pi\u0161kotkov in GDPR<\/h4>\n\n\n\n<p>Ne shranjujemo nobenih pi\u0161kotkov ali uporabni\u0161kih podatkov, ampak uporabljamo storitve tretjih oseb, ki jih uporabljajo:<br><br>1. Google Analytics<br>Sledenje uporabni\u0161kim klikom ter razli\u010dni prometni podatki in meritve.<br><br>2. Vro\u010da kozarec<br>Sledenje vedenju uporabnikov za statisti\u010dne namene.<br><br>3. Jasen klepet<br>Sledenje statisti\u010dnih podatkov o uporabnikih in prometu z namenom pomo\u010di pri izbolj\u0161anju uporabni\u0161ke izku\u0161nje.<br><br>4. Mailchimp<br>Sledenje \u010dasu, porabljenemu na spletnem mestu z namenom prikazovanja pojavnega okna za naro\u010danje na novice.<br><br>Z uporabo na\u0161e spletne strani (<a href=\"https:\/\/ljubljanactivetrips.com\/sl\/\">www.ljubljanactivetrips.com<\/a>) se strinjate s pravilniki o uporabnikih storitev tretjih oseb. Ne odgovarjamo za zlorabo informacij, ki jih storitve tretjih oseb zberejo od uporabnikov, ki obi\u0161\u010dejo na\u0161o spletno stran. Prav tako nismo odgovorni za kakr\u0161no koli \u0161kodo, ki bi nastala zaradi zlorabe informacij, zbranih s strani storitev tretjih oseb. Za posebne informacije v zvezi s pravilniki o pi\u0161kotkih tretjih oseb glejte pravilnike o pi\u0161kotkih in varstvu podatkov storitev tretjih oseb, objavljene na uradnih spletnih mestih teh storitev.<\/p>","protected":false},"excerpt":{"rendered":"<p>DECLARATION OF AWARNESS, LIABILITY AND JOINT LIABILITY Cancellation of the activity by the client Turizem in \u0161port, Tadej Tekav\u010di\u010d S.P., Dolenjska cesta 156b, 1000 Ljubljana (hereainfter Ljubljana active trips or LAT) organizes and leads the following activities: day trips in Slovenia, mountain bike tours, city tours. LAT also operates as an outdoor sports agency and [&hellip;]<\/p>","protected":false},"author":1,"featured_media":0,"parent":0,"menu_order":0,"comment_status":"closed","ping_status":"closed","template":"","meta":{"_acf_changed":false,"site-sidebar-layout":"default","site-content-layout":"","ast-site-content-layout":"default","site-content-style":"default","site-sidebar-style":"default","ast-global-header-display":"","ast-banner-title-visibility":"","ast-main-header-display":"","ast-hfb-above-header-display":"","ast-hfb-below-header-display":"","ast-hfb-mobile-header-display":"","site-post-title":"","ast-breadcrumbs-content":"","ast-featured-img":"","footer-sml-layout":"","theme-transparent-header-meta":"","adv-header-id-meta":"","stick-header-meta":"","header-above-stick-meta":"","header-main-stick-meta":"","header-below-stick-meta":"","astra-migrate-meta-layouts":"set","ast-page-background-enabled":"default","ast-page-background-meta":{"desktop":{"background-color":"var(--ast-global-color-4)","background-image":"","background-repeat":"repeat","background-position":"center center","background-size":"auto","background-attachment":"scroll","background-type":"","background-media":"","overlay-type":"","overlay-color":"","overlay-gradient":""},"tablet":{"background-color":"","background-image":"","background-repeat":"repeat","background-position":"center center","background-size":"auto","background-attachment":"scroll","background-type":"","background-media":"","overlay-type":"","overlay-color":"","overlay-gradient":""},"mobile":{"background-color":"","background-image":"","background-repeat":"repeat","background-position":"center center","background-size":"auto","background-attachment":"scroll","background-type":"","background-media":"","overlay-type":"","overlay-color":"","overlay-gradient":""}},"ast-content-background-meta":{"desktop":{"background-color":"var(--ast-global-color-5)","background-image":"","background-repeat":"repeat","background-position":"center center","background-size":"auto","background-attachment":"scroll","background-type":"","background-media":"","overlay-type":"","overlay-color":"","overlay-gradient":""},"tablet":{"background-color":"var(--ast-global-color-5)","background-image":"","background-repeat":"repeat","background-position":"center center","background-size":"auto","background-attachment":"scroll","background-type":"","background-media":"","overlay-type":"","overlay-color":"","overlay-gradient":""},"mobile":{"background-color":"var(--ast-global-color-5)","background-image":"","background-repeat":"repeat","background-position":"center center","background-size":"auto","background-attachment":"scroll","background-type":"","background-media":"","overlay-type":"","overlay-color":"","overlay-gradient":""}},"footnotes":""},"wf_page_folders":[],"class_list":["post-3047","page","type-page","status-publish","hentry"],"acf":[],"yoast_head":"<!-- This site is optimized with the Yoast SEO plugin v24.5 - https:\/\/yoast.com\/wordpress\/plugins\/seo\/ -->\n<title>Privacy Policy - Ljubljana Active Trips<\/title>\n<meta name=\"robots\" content=\"noindex, follow\" \/>\n<meta property=\"og:locale\" content=\"sl_SI\" \/>\n<meta property=\"og:type\" content=\"article\" \/>\n<meta property=\"og:title\" content=\"Privacy Policy - Ljubljana Active Trips\" \/>\n<meta property=\"og:description\" content=\"DECLARATION OF AWARNESS, LIABILITY AND JOINT LIABILITY Cancellation of the activity by the client Turizem in \u0161port, Tadej Tekav\u010di\u010d S.P., Dolenjska cesta 156b, 1000 Ljubljana (hereainfter Ljubljana active trips or LAT) organizes and leads the following activities: day trips in Slovenia, mountain bike tours, city tours. LAT also operates as an outdoor sports agency and [&hellip;]\" \/>\n<meta property=\"og:url\" content=\"https:\/\/ljubljanactivetrips.com\/sl\/politika-zasebnosti\/\" \/>\n<meta property=\"og:site_name\" content=\"Ljubljana Active Trips\" \/>\n<meta property=\"article:modified_time\" content=\"2025-03-14T10:15:16+00:00\" \/>\n<meta property=\"og:image\" content=\"https:\/\/ljubljanactivetrips.com\/wp-content\/uploads\/2023\/08\/7f7968989ffcb2b5da07bc42aca6c8aa-scaled.webp\" \/>\n\t<meta property=\"og:image:width\" content=\"2560\" \/>\n\t<meta property=\"og:image:height\" content=\"1708\" \/>\n\t<meta property=\"og:image:type\" content=\"image\/webp\" \/>\n<meta name=\"twitter:card\" content=\"summary_large_image\" \/>\n<meta name=\"twitter:label1\" content=\"Est. reading time\" \/>\n\t<meta name=\"twitter:data1\" content=\"5 minut\" \/>\n<script type=\"application\/ld+json\" class=\"yoast-schema-graph\">{\"@context\":\"https:\/\/schema.org\",\"@graph\":[{\"@type\":\"WebPage\",\"@id\":\"https:\/\/ljubljanactivetrips.com\/privacy-policy\/\",\"url\":\"https:\/\/ljubljanactivetrips.com\/privacy-policy\/\",\"name\":\"Privacy Policy - Ljubljana Active Trips\",\"isPartOf\":{\"@id\":\"https:\/\/ljubljanactivetrips.com\/#website\"},\"datePublished\":\"2025-03-14T10:10:01+00:00\",\"dateModified\":\"2025-03-14T10:15:16+00:00\",\"breadcrumb\":{\"@id\":\"https:\/\/ljubljanactivetrips.com\/privacy-policy\/#breadcrumb\"},\"inLanguage\":\"sl-SI\",\"potentialAction\":[{\"@type\":\"ReadAction\",\"target\":[\"https:\/\/ljubljanactivetrips.com\/privacy-policy\/\"]}]},{\"@type\":\"BreadcrumbList\",\"@id\":\"https:\/\/ljubljanactivetrips.com\/privacy-policy\/#breadcrumb\",\"itemListElement\":[{\"@type\":\"ListItem\",\"position\":1,\"name\":\"Home\",\"item\":\"https:\/\/ljubljanactivetrips.com\/\"},{\"@type\":\"ListItem\",\"position\":2,\"name\":\"Privacy Policy\"}]},{\"@type\":\"WebSite\",\"@id\":\"https:\/\/ljubljanactivetrips.com\/#website\",\"url\":\"https:\/\/ljubljanactivetrips.com\/\",\"name\":\"Ljubljana Active Trips\",\"description\":\"Day trips and tours Slovenia\",\"publisher\":{\"@id\":\"https:\/\/ljubljanactivetrips.com\/#organization\"},\"potentialAction\":[{\"@type\":\"SearchAction\",\"target\":{\"@type\":\"EntryPoint\",\"urlTemplate\":\"https:\/\/ljubljanactivetrips.com\/?s={search_term_string}\"},\"query-input\":{\"@type\":\"PropertyValueSpecification\",\"valueRequired\":true,\"valueName\":\"search_term_string\"}}],\"inLanguage\":\"sl-SI\"},{\"@type\":\"Organization\",\"@id\":\"https:\/\/ljubljanactivetrips.com\/#organization\",\"name\":\"Ljubljana Active Trips\",\"url\":\"https:\/\/ljubljanactivetrips.com\/\",\"logo\":{\"@type\":\"ImageObject\",\"inLanguage\":\"sl-SI\",\"@id\":\"https:\/\/ljubljanactivetrips.com\/#\/schema\/logo\/image\/\",\"url\":\"https:\/\/ljubljanactivetrips.com\/wp-content\/uploads\/2023\/07\/3i5xa2iypsow212efwg863q8aoh0.jpg\",\"contentUrl\":\"https:\/\/ljubljanactivetrips.com\/wp-content\/uploads\/2023\/07\/3i5xa2iypsow212efwg863q8aoh0.jpg\",\"width\":1214,\"height\":810,\"caption\":\"Ljubljana Active Trips\"},\"image\":{\"@id\":\"https:\/\/ljubljanactivetrips.com\/#\/schema\/logo\/image\/\"}}]}<\/script>\n<!-- \/ Yoast SEO plugin. -->","yoast_head_json":{"title":"Privacy Policy - Ljubljana Active Trips","robots":{"index":"noindex","follow":"follow"},"og_locale":"sl_SI","og_type":"article","og_title":"Privacy Policy - Ljubljana Active Trips","og_description":"DECLARATION OF AWARNESS, LIABILITY AND JOINT LIABILITY Cancellation of the activity by the client Turizem in \u0161port, Tadej Tekav\u010di\u010d S.P., Dolenjska cesta 156b, 1000 Ljubljana (hereainfter Ljubljana active trips or LAT) organizes and leads the following activities: day trips in Slovenia, mountain bike tours, city tours. LAT also operates as an outdoor sports agency and [&hellip;]","og_url":"https:\/\/ljubljanactivetrips.com\/sl\/politika-zasebnosti\/","og_site_name":"Ljubljana Active Trips","article_modified_time":"2025-03-14T10:15:16+00:00","og_image":[{"width":2560,"height":1708,"url":"https:\/\/ljubljanactivetrips.com\/wp-content\/uploads\/2023\/08\/7f7968989ffcb2b5da07bc42aca6c8aa-scaled.webp","type":"image\/webp"}],"twitter_card":"summary_large_image","twitter_misc":{"Est. reading time":"5 minut"},"schema":{"@context":"https:\/\/schema.org","@graph":[{"@type":"WebPage","@id":"https:\/\/ljubljanactivetrips.com\/privacy-policy\/","url":"https:\/\/ljubljanactivetrips.com\/privacy-policy\/","name":"Privacy Policy - Ljubljana Active Trips","isPartOf":{"@id":"https:\/\/ljubljanactivetrips.com\/#website"},"datePublished":"2025-03-14T10:10:01+00:00","dateModified":"2025-03-14T10:15:16+00:00","breadcrumb":{"@id":"https:\/\/ljubljanactivetrips.com\/privacy-policy\/#breadcrumb"},"inLanguage":"sl-SI","potentialAction":[{"@type":"ReadAction","target":["https:\/\/ljubljanactivetrips.com\/privacy-policy\/"]}]},{"@type":"BreadcrumbList","@id":"https:\/\/ljubljanactivetrips.com\/privacy-policy\/#breadcrumb","itemListElement":[{"@type":"ListItem","position":1,"name":"Home","item":"https:\/\/ljubljanactivetrips.com\/"},{"@type":"ListItem","position":2,"name":"Privacy Policy"}]},{"@type":"WebSite","@id":"https:\/\/ljubljanactivetrips.com\/#website","url":"https:\/\/ljubljanactivetrips.com\/","name":"Ljubljana Active Trips","description":"Day trips and tours Slovenia","publisher":{"@id":"https:\/\/ljubljanactivetrips.com\/#organization"},"potentialAction":[{"@type":"SearchAction","target":{"@type":"EntryPoint","urlTemplate":"https:\/\/ljubljanactivetrips.com\/?s={search_term_string}"},"query-input":{"@type":"PropertyValueSpecification","valueRequired":true,"valueName":"search_term_string"}}],"inLanguage":"sl-SI"},{"@type":"Organization","@id":"https:\/\/ljubljanactivetrips.com\/#organization","name":"Ljubljana Active Trips","url":"https:\/\/ljubljanactivetrips.com\/","logo":{"@type":"ImageObject","inLanguage":"sl-SI","@id":"https:\/\/ljubljanactivetrips.com\/#\/schema\/logo\/image\/","url":"https:\/\/ljubljanactivetrips.com\/wp-content\/uploads\/2023\/07\/3i5xa2iypsow212efwg863q8aoh0.jpg","contentUrl":"https:\/\/ljubljanactivetrips.com\/wp-content\/uploads\/2023\/07\/3i5xa2iypsow212efwg863q8aoh0.jpg","width":1214,"height":810,"caption":"Ljubljana Active Trips"},"image":{"@id":"https:\/\/ljubljanactivetrips.com\/#\/schema\/logo\/image\/"}}]}},"_links":{"self":[{"href":"https:\/\/ljubljanactivetrips.com\/sl\/wp-json\/wp\/v2\/pages\/3047","targetHints":{"allow":["GET"]}}],"collection":[{"href":"https:\/\/ljubljanactivetrips.com\/sl\/wp-json\/wp\/v2\/pages"}],"about":[{"href":"https:\/\/ljubljanactivetrips.com\/sl\/wp-json\/wp\/v2\/types\/page"}],"author":[{"embeddable":true,"href":"https:\/\/ljubljanactivetrips.com\/sl\/wp-json\/wp\/v2\/users\/1"}],"replies":[{"embeddable":true,"href":"https:\/\/ljubljanactivetrips.com\/sl\/wp-json\/wp\/v2\/comments?post=3047"}],"version-history":[{"count":1,"href":"https:\/\/ljubljanactivetrips.com\/sl\/wp-json\/wp\/v2\/pages\/3047\/revisions"}],"predecessor-version":[{"id":3049,"href":"https:\/\/ljubljanactivetrips.com\/sl\/wp-json\/wp\/v2\/pages\/3047\/revisions\/3049"}],"wp:attachment":[{"href":"https:\/\/ljubljanactivetrips.com\/sl\/wp-json\/wp\/v2\/media?parent=3047"}],"wp:term":[{"taxonomy":"wf_page_folders","embeddable":true,"href":"https:\/\/ljubljanactivetrips.com\/sl\/wp-json\/wp\/v2\/wf_page_folders?post=3047"}],"curies":[{"name":"wp","href":"https:\/\/api.w.org\/{rel}","templated":true}]}}